{"id":292,"date":"2022-12-05T22:48:33","date_gmt":"2022-12-05T22:48:33","guid":{"rendered":"http:\/\/dincsa.com\/?page_id=292"},"modified":"2022-12-05T22:49:30","modified_gmt":"2022-12-05T22:49:30","slug":"haberler","status":"publish","type":"page","link":"https:\/\/dincsa.com\/en\/haberler\/","title":{"rendered":"News"},"content":{"rendered":"<div data-elementor-type=\"wp-page\" data-elementor-id=\"292\" class=\"elementor elementor-292\" data-elementor-post-type=\"page\">\n\t\t\t\t\t\t<section class=\"elementor-section elementor-top-section elementor-element elementor-element-70008ca elementor-section-boxed elementor-section-height-default elementor-section-height-default\" data-id=\"70008ca\" data-element_type=\"section\" data-settings=\"{&quot;background_background&quot;:&quot;classic&quot;}\">\n\t\t\t\t\t\t<div class=\"elementor-container elementor-column-gap-default\">\n\t\t\t\t\t<div class=\"elementor-column elementor-col-100 elementor-top-column elementor-element elementor-element-ec6dc06\" data-id=\"ec6dc06\" data-element_type=\"column\">\n\t\t\t<div class=\"elementor-widget-wrap elementor-element-populated\">\n\t\t\t\t\t\t<section class=\"elementor-section elementor-inner-section elementor-element elementor-element-5a02078 elementor-section-boxed elementor-section-height-default elementor-section-height-default\" data-id=\"5a02078\" data-element_type=\"section\">\n\t\t\t\t\t\t<div class=\"elementor-container elementor-column-gap-default\">\n\t\t\t\t\t<div class=\"elementor-column elementor-col-100 elementor-inner-column elementor-element elementor-element-b76b0c0\" data-id=\"b76b0c0\" data-element_type=\"column\">\n\t\t\t<div class=\"elementor-widget-wrap elementor-element-populated\">\n\t\t\t\t\t\t<div class=\"elementor-element elementor-element-97074cf elementor-grid-3 elementor-grid-tablet-2 elementor-grid-mobile-1 elementor-posts--thumbnail-top elementor-widget elementor-widget-posts\" data-id=\"97074cf\" data-element_type=\"widget\" data-settings=\"{&quot;classic_columns&quot;:&quot;3&quot;,&quot;classic_columns_tablet&quot;:&quot;2&quot;,&quot;classic_columns_mobile&quot;:&quot;1&quot;,&quot;classic_row_gap&quot;:{&quot;unit&quot;:&quot;px&quot;,&quot;size&quot;:35,&quot;sizes&quot;:[]},&quot;classic_row_gap_tablet&quot;:{&quot;unit&quot;:&quot;px&quot;,&quot;size&quot;:&quot;&quot;,&quot;sizes&quot;:[]},&quot;classic_row_gap_mobile&quot;:{&quot;unit&quot;:&quot;px&quot;,&quot;size&quot;:&quot;&quot;,&quot;sizes&quot;:[]}}\" data-widget_type=\"posts.classic\">\n\t\t\t\t<div class=\"elementor-widget-container\">\n\t\t\t<link rel=\"stylesheet\" href=\"http:\/\/dincsa.com\/wp-content\/plugins\/elementor-pro\/assets\/css\/widget-posts.min.css\">\t\t<div class=\"elementor-posts-container elementor-posts elementor-posts--skin-classic elementor-grid\">\n\t\t\t\t<article class=\"elementor-post elementor-grid-item post-284 post type-post status-publish format-standard has-post-thumbnail hentry category-uncategorized\">\n\t\t\t\t<a class=\"elementor-post__thumbnail__link\" href=\"https:\/\/dincsa.com\/en\/2022\/12\/05\/bizimle-calismak-ister-misiniz\/\" tabindex=\"-1\" >\n\t\t\t<div class=\"elementor-post__thumbnail\"><img fetchpriority=\"high\" decoding=\"async\" width=\"300\" height=\"197\" src=\"https:\/\/dincsa.com\/wp-content\/uploads\/2022\/12\/kucuk_URrCYefvX2Pd1Gu5bA94Dsg3V-300x197.jpg\" class=\"attachment-medium size-medium wp-image-285\" alt=\"\" srcset=\"https:\/\/dincsa.com\/wp-content\/uploads\/2022\/12\/kucuk_URrCYefvX2Pd1Gu5bA94Dsg3V-300x197.jpg 300w, https:\/\/dincsa.com\/wp-content\/uploads\/2022\/12\/kucuk_URrCYefvX2Pd1Gu5bA94Dsg3V.jpg 381w\" sizes=\"(max-width: 300px) 100vw, 300px\" \/><\/div>\n\t\t<\/a>\n\t\t\t\t<div class=\"elementor-post__text\">\n\t\t\t\t<h3 class=\"elementor-post__title\">\n\t\t\t<a href=\"https:\/\/dincsa.com\/en\/2022\/12\/05\/bizimle-calismak-ister-misiniz\/\" >\n\t\t\t\tDo you want to work with us?\t\t\t<\/a>\n\t\t<\/h3>\n\t\t\t\t<div class=\"elementor-post__excerpt\">\n\t\t\t<p>To bring in a qualified workforce that shares Din\u00e7sa&#039;s corporate values, adopts the understanding of bringing health to humanity, to our organization and to the sector. Added value to the development of the pharmaceutical industry and the national economy<\/p>\n\t\t<\/div>\n\t\t\n\t\t<a class=\"elementor-post__read-more\" href=\"https:\/\/dincsa.com\/en\/2022\/12\/05\/bizimle-calismak-ister-misiniz\/\" aria-label=\"Read more about Bizimle \u00c7al\u0131\u015fmak \u0130ster misiniz?\" tabindex=\"-1\" >\n\t\t\tRead More\t\t<\/a>\n\n\t\t\t\t<\/div>\n\t\t\t\t<\/article>\n\t\t\t\t<article class=\"elementor-post elementor-grid-item post-281 post type-post status-publish format-standard has-post-thumbnail hentry category-uncategorized\">\n\t\t\t\t<a class=\"elementor-post__thumbnail__link\" href=\"https:\/\/dincsa.com\/en\/2022\/12\/05\/yeni-binamiz-faaliyete-gecti\/\" tabindex=\"-1\" >\n\t\t\t<div class=\"elementor-post__thumbnail\"><img decoding=\"async\" width=\"300\" height=\"197\" src=\"https:\/\/dincsa.com\/wp-content\/uploads\/2022\/12\/kucuk_rH1dnAp9cTisJPYl2GaMU08me-300x197.jpg\" class=\"attachment-medium size-medium wp-image-282\" alt=\"\" srcset=\"https:\/\/dincsa.com\/wp-content\/uploads\/2022\/12\/kucuk_rH1dnAp9cTisJPYl2GaMU08me-300x197.jpg 300w, https:\/\/dincsa.com\/wp-content\/uploads\/2022\/12\/kucuk_rH1dnAp9cTisJPYl2GaMU08me.jpg 381w\" sizes=\"(max-width: 300px) 100vw, 300px\" \/><\/div>\n\t\t<\/a>\n\t\t\t\t<div class=\"elementor-post__text\">\n\t\t\t\t<h3 class=\"elementor-post__title\">\n\t\t\t<a href=\"https:\/\/dincsa.com\/en\/2022\/12\/05\/yeni-binamiz-faaliyete-gecti\/\" >\n\t\t\t\tOur New Building Started Operations\t\t\t<\/a>\n\t\t<\/h3>\n\t\t\t\t<div class=\"elementor-post__excerpt\">\n\t\t\t<p>In our new production facility, which we put into operation in 2017, with a closed area of 15,000 m\u00b2, which can be considered among the most modern facilities in Turkey; anti-flu, antirheumatic, dermatological, analgesic, anti-inflammatory and<\/p>\n\t\t<\/div>\n\t\t\n\t\t<a class=\"elementor-post__read-more\" href=\"https:\/\/dincsa.com\/en\/2022\/12\/05\/yeni-binamiz-faaliyete-gecti\/\" aria-label=\"Read more about Yeni Binam\u0131z Faaliyete Ge\u00e7ti\" tabindex=\"-1\" >\n\t\t\tRead More\t\t<\/a>\n\n\t\t\t\t<\/div>\n\t\t\t\t<\/article>\n\t\t\t\t<article class=\"elementor-post elementor-grid-item post-278 post type-post status-publish format-standard has-post-thumbnail hentry category-uncategorized\">\n\t\t\t\t<a class=\"elementor-post__thumbnail__link\" href=\"https:\/\/dincsa.com\/en\/2022\/12\/05\/cphi-istanbul-2017\/\" tabindex=\"-1\" >\n\t\t\t<div class=\"elementor-post__thumbnail\"><img decoding=\"async\" width=\"300\" height=\"197\" src=\"https:\/\/dincsa.com\/wp-content\/uploads\/2022\/12\/kucuk_tFK7ermq5OTG1JbLAU3c0IjpW-300x197.jpg\" class=\"attachment-medium size-medium wp-image-279\" alt=\"\" srcset=\"https:\/\/dincsa.com\/wp-content\/uploads\/2022\/12\/kucuk_tFK7ermq5OTG1JbLAU3c0IjpW-300x197.jpg 300w, https:\/\/dincsa.com\/wp-content\/uploads\/2022\/12\/kucuk_tFK7ermq5OTG1JbLAU3c0IjpW.jpg 381w\" sizes=\"(max-width: 300px) 100vw, 300px\" \/><\/div>\n\t\t<\/a>\n\t\t\t\t<div class=\"elementor-post__text\">\n\t\t\t\t<h3 class=\"elementor-post__title\">\n\t\t\t<a href=\"https:\/\/dincsa.com\/en\/2022\/12\/05\/cphi-istanbul-2017\/\" >\n\t\t\t\tCPhI Istanbul 2017\t\t\t<\/a>\n\t\t<\/h3>\n\t\t\t\t<div class=\"elementor-post__excerpt\">\n\t\t\t<p>We took part in CPhI Istanbul 2017 with our stand between 8-10 March 2017.<\/p>\n\t\t<\/div>\n\t\t\n\t\t<a class=\"elementor-post__read-more\" href=\"https:\/\/dincsa.com\/en\/2022\/12\/05\/cphi-istanbul-2017\/\" aria-label=\"Read more about CPhI Istanbul 2017\" tabindex=\"-1\" >\n\t\t\tRead More\t\t<\/a>\n\n\t\t\t\t<\/div>\n\t\t\t\t<\/article>\n\t\t\t\t<\/div>\n\t\t\n\t\t\t\t<\/div>\n\t\t\t\t<\/div>\n\t\t\t\t\t<\/div>\n\t\t<\/div>\n\t\t\t\t\t<\/div>\n\t\t<\/section>\n\t\t\t\t\t<\/div>\n\t\t<\/div>\n\t\t\t\t\t<\/div>\n\t\t<\/section>\n\t\t\t\t<\/div>","protected":false},"excerpt":{"rendered":"","protected":false},"author":1,"featured_media":0,"parent":0,"menu_order":0,"comment_status":"closed","ping_status":"closed","template":"","meta":{"footnotes":""},"class_list":["post-292","page","type-page","status-publish","hentry"],"_links":{"self":[{"href":"https:\/\/dincsa.com\/en\/wp-json\/wp\/v2\/pages\/292","targetHints":{"allow":["GET"]}}],"collection":[{"href":"https:\/\/dincsa.com\/en\/wp-json\/wp\/v2\/pages"}],"about":[{"href":"https:\/\/dincsa.com\/en\/wp-json\/wp\/v2\/types\/page"}],"author":[{"embeddable":true,"href":"https:\/\/dincsa.com\/en\/wp-json\/wp\/v2\/users\/1"}],"replies":[{"embeddable":true,"href":"https:\/\/dincsa.com\/en\/wp-json\/wp\/v2\/comments?post=292"}],"version-history":[{"count":7,"href":"https:\/\/dincsa.com\/en\/wp-json\/wp\/v2\/pages\/292\/revisions"}],"predecessor-version":[{"id":299,"href":"https:\/\/dincsa.com\/en\/wp-json\/wp\/v2\/pages\/292\/revisions\/299"}],"wp:attachment":[{"href":"https:\/\/dincsa.com\/en\/wp-json\/wp\/v2\/media?parent=292"}],"curies":[{"name":"wp","href":"https:\/\/api.w.org\/{rel}","templated":true}]}}